{"id":11,"date":"2018-09-28T18:49:38","date_gmt":"2018-09-28T18:49:38","guid":{"rendered":"http:\/\/taekwondo-woergl.at\/?page_id=11"},"modified":"2025-10-14T20:25:31","modified_gmt":"2025-10-14T19:25:31","slug":"trainer","status":"publish","type":"page","link":"https:\/\/taekwondo-woergl.at\/en\/trainer\/","title":{"rendered":"Coach"},"content":{"rendered":"<h5 class=\"wp-block-heading\"><strong>Daniel Pirchmoser<\/strong><\/h5>\n\n\n\n<p>Coach<\/p>\n\n\n\n<figure data-wp-context=\"{&quot;imageId&quot;:&quot;69e4d20d08466&quot;}\" data-wp-interactive=\"core\/image\" data-wp-key=\"69e4d20d08466\" class=\"wp-block-image size-full wp-lightbox-container\"><img loading=\"lazy\" decoding=\"async\" width=\"5618\" height=\"3745\" data-wp-class--hide=\"state.isContentHidden\" data-wp-class--show=\"state.isContentVisible\" data-wp-init=\"callbacks.setButtonStyles\" data-wp-on--click=\"actions.showLightbox\" data-wp-on--load=\"callbacks.setButtonStyles\" data-wp-on-window--resize=\"callbacks.setButtonStyles\" src=\"http:\/\/taekwondo-woergl.at\/wp-content\/uploads\/2018\/09\/IMG_9223.jpg\" alt=\"\" class=\"wp-image-59\" srcset=\"https:\/\/taekwondo-woergl.at\/wp-content\/uploads\/2018\/09\/IMG_9223.jpg 5618w, https:\/\/taekwondo-woergl.at\/wp-content\/uploads\/2018\/09\/IMG_9223-300x200.jpg 300w, https:\/\/taekwondo-woergl.at\/wp-content\/uploads\/2018\/09\/IMG_9223-768x512.jpg 768w, https:\/\/taekwondo-woergl.at\/wp-content\/uploads\/2018\/09\/IMG_9223-1024x683.jpg 1024w\" sizes=\"auto, (max-width: 5618px) 100vw, 5618px\" \/><button\n\t\t\tclass=\"lightbox-trigger\"\n\t\t\ttype=\"button\"\n\t\t\taria-haspopup=\"dialog\"\n\t\t\taria-label=\"Enlarge\"\n\t\t\tdata-wp-init=\"callbacks.initTriggerButton\"\n\t\t\tdata-wp-on--click=\"actions.showLightbox\"\n\t\t\tdata-wp-style--right=\"state.imageButtonRight\"\n\t\t\tdata-wp-style--top=\"state.imageButtonTop\"\n\t\t>\n\t\t\t<svg xmlns=\"http:\/\/www.w3.org\/2000\/svg\" width=\"12\" height=\"12\" fill=\"none\" viewbox=\"0 0 12 12\">\n\t\t\t\t<path fill=\"#fff\" d=\"M2 0a2 2 0 0 0-2 2v2h1.5V2a.5.5 0 0 1 .5-.5h2V0H2Zm2 10.5H2a.5.5 0 0 1-.5-.5V8H0v2a2 2 0 0 0 2 2h2v-1.5ZM8 12v-1.5h2a.5.5 0 0 0 .5-.5V8H12v2a2 2 0 0 1-2 2H8Zm2-12a2 2 0 0 1 2 2v2h-1.5V2a.5.5 0 0 0-.5-.5H8V0h2Z\" \/>\n\t\t\t<\/svg>\n\t\t<\/button><\/figure>\n\n\n\n<div style=\"height:20px\" aria-hidden=\"true\" class=\"wp-block-spacer\"><\/div>\n\n\n\n<p class=\"has-text-align-left\">Since my first training in autumn 1970, taekwondo has been a constant companion in my life. Initially successful as a competitive sport myself, I was able to accompany many successful athletes in their careers during my subsequent coaching career. Even today, I still really enjoy training with all the young and young-at-heart athletes and passing on my experience and knowledge to them. In addition to taekwondo, I love travelling, I enjoy walking or biking in the mountains, skiing in winter and occasionally taking to the skies with my hang glider.                                   <\/p>\n\n\n\n<div class=\"wp-block-button aligncenter\"><a class=\"wp-block-button__link has-white-color has-black-background-color has-text-color has-background wp-element-button\" href=\"http:\/\/taekwondo-woergl.at\/en\/kontakt\/\">Contact<\/a><\/div>\n\n\n\n<h5 class=\"wp-block-heading\"><strong>Maria Bliem<\/strong><\/h5>\n\n\n\n<p>Coach<\/p>\n\n\n\n<figure data-wp-context=\"{&quot;imageId&quot;:&quot;69e4d20d089de&quot;}\" data-wp-interactive=\"core\/image\" data-wp-key=\"69e4d20d089de\" class=\"wp-block-image size-full wp-lightbox-container\"><img loading=\"lazy\" decoding=\"async\" width=\"5860\" height=\"3907\" data-wp-class--hide=\"state.isContentHidden\" data-wp-class--show=\"state.isContentVisible\" data-wp-init=\"callbacks.setButtonStyles\" data-wp-on--click=\"actions.showLightbox\" data-wp-on--load=\"callbacks.setButtonStyles\" data-wp-on-window--resize=\"callbacks.setButtonStyles\" src=\"http:\/\/taekwondo-woergl.at\/wp-content\/uploads\/2018\/09\/Maria-Bliem.jpg\" alt=\"\" class=\"wp-image-58\" srcset=\"https:\/\/taekwondo-woergl.at\/wp-content\/uploads\/2018\/09\/Maria-Bliem.jpg 5860w, https:\/\/taekwondo-woergl.at\/wp-content\/uploads\/2018\/09\/Maria-Bliem-300x200.jpg 300w, https:\/\/taekwondo-woergl.at\/wp-content\/uploads\/2018\/09\/Maria-Bliem-768x512.jpg 768w, https:\/\/taekwondo-woergl.at\/wp-content\/uploads\/2018\/09\/Maria-Bliem-1024x683.jpg 1024w\" sizes=\"auto, (max-width: 5860px) 100vw, 5860px\" \/><button\n\t\t\tclass=\"lightbox-trigger\"\n\t\t\ttype=\"button\"\n\t\t\taria-haspopup=\"dialog\"\n\t\t\taria-label=\"Enlarge\"\n\t\t\tdata-wp-init=\"callbacks.initTriggerButton\"\n\t\t\tdata-wp-on--click=\"actions.showLightbox\"\n\t\t\tdata-wp-style--right=\"state.imageButtonRight\"\n\t\t\tdata-wp-style--top=\"state.imageButtonTop\"\n\t\t>\n\t\t\t<svg xmlns=\"http:\/\/www.w3.org\/2000\/svg\" width=\"12\" height=\"12\" fill=\"none\" viewbox=\"0 0 12 12\">\n\t\t\t\t<path fill=\"#fff\" d=\"M2 0a2 2 0 0 0-2 2v2h1.5V2a.5.5 0 0 1 .5-.5h2V0H2Zm2 10.5H2a.5.5 0 0 1-.5-.5V8H0v2a2 2 0 0 0 2 2h2v-1.5ZM8 12v-1.5h2a.5.5 0 0 0 .5-.5V8H12v2a2 2 0 0 1-2 2H8Zm2-12a2 2 0 0 1 2 2v2h-1.5V2a.5.5 0 0 0-.5-.5H8V0h2Z\" \/>\n\t\t\t<\/svg>\n\t\t<\/button><\/figure>\n\n\n\n<div style=\"height:20px\" aria-hidden=\"true\" class=\"wp-block-spacer\"><\/div>\n\n\n\n<p>As vice world champion and international judge, I was able to gain a lot of experience in the field of poomsae, which I am happy to pass on to the next generation of athletes. I also like to cross the boundaries between sports and incorporate elements of Qi Gong, kinetics and yoga into the warm-up and warm-down in order to offer our club the best possible training. <\/p>\n\n\n\n<h5 class=\"wp-block-heading\"><strong>Michaela Schneeberger<\/strong><\/h5>\n\n\n\n<p>Children's coach<\/p>\n\n\n\n<figure data-wp-context=\"{&quot;imageId&quot;:&quot;69e4d20d08dc5&quot;}\" data-wp-interactive=\"core\/image\" data-wp-key=\"69e4d20d08dc5\" class=\"wp-block-image size-full is-resized wp-lightbox-container\"><img loading=\"lazy\" decoding=\"async\" width=\"480\" height=\"640\" data-wp-class--hide=\"state.isContentHidden\" data-wp-class--show=\"state.isContentVisible\" data-wp-init=\"callbacks.setButtonStyles\" data-wp-on--click=\"actions.showLightbox\" data-wp-on--load=\"callbacks.setButtonStyles\" data-wp-on-window--resize=\"callbacks.setButtonStyles\" src=\"http:\/\/taekwondo-woergl.at\/wp-content\/uploads\/2025\/10\/Schneeberger-Michaela-rotated.jpeg\" alt=\"\" class=\"wp-image-2887\" style=\"width:840px;height:auto\" srcset=\"https:\/\/taekwondo-woergl.at\/wp-content\/uploads\/2025\/10\/Schneeberger-Michaela-rotated.jpeg 480w, https:\/\/taekwondo-woergl.at\/wp-content\/uploads\/2025\/10\/Schneeberger-Michaela-225x300.jpeg 225w, https:\/\/taekwondo-woergl.at\/wp-content\/uploads\/2025\/10\/Schneeberger-Michaela-9x12.jpeg 9w\" sizes=\"auto, (max-width: 480px) 100vw, 480px\" \/><button\n\t\t\tclass=\"lightbox-trigger\"\n\t\t\ttype=\"button\"\n\t\t\taria-haspopup=\"dialog\"\n\t\t\taria-label=\"Enlarge\"\n\t\t\tdata-wp-init=\"callbacks.initTriggerButton\"\n\t\t\tdata-wp-on--click=\"actions.showLightbox\"\n\t\t\tdata-wp-style--right=\"state.imageButtonRight\"\n\t\t\tdata-wp-style--top=\"state.imageButtonTop\"\n\t\t>\n\t\t\t<svg xmlns=\"http:\/\/www.w3.org\/2000\/svg\" width=\"12\" height=\"12\" fill=\"none\" viewbox=\"0 0 12 12\">\n\t\t\t\t<path fill=\"#fff\" d=\"M2 0a2 2 0 0 0-2 2v2h1.5V2a.5.5 0 0 1 .5-.5h2V0H2Zm2 10.5H2a.5.5 0 0 1-.5-.5V8H0v2a2 2 0 0 0 2 2h2v-1.5ZM8 12v-1.5h2a.5.5 0 0 0 .5-.5V8H12v2a2 2 0 0 1-2 2H8Zm2-12a2 2 0 0 1 2 2v2h-1.5V2a.5.5 0 0 0-.5-.5H8V0h2Z\" \/>\n\t\t\t<\/svg>\n\t\t<\/button><\/figure>\n\n\n\n<h5 class=\"wp-block-heading\"><strong>Felix Thurner<\/strong><\/h5>\n\n\n\n<p>Assistant coach<\/p>\n\n\n\n<figure data-wp-context=\"{&quot;imageId&quot;:&quot;69e4d20d09124&quot;}\" data-wp-interactive=\"core\/image\" data-wp-key=\"69e4d20d09124\" class=\"wp-block-image size-full wp-lightbox-container\"><img loading=\"lazy\" decoding=\"async\" width=\"1200\" height=\"1600\" data-wp-class--hide=\"state.isContentHidden\" data-wp-class--show=\"state.isContentVisible\" data-wp-init=\"callbacks.setButtonStyles\" data-wp-on--click=\"actions.showLightbox\" data-wp-on--load=\"callbacks.setButtonStyles\" data-wp-on-window--resize=\"callbacks.setButtonStyles\" src=\"http:\/\/taekwondo-woergl.at\/wp-content\/uploads\/2025\/10\/Thurner-Felix.jpeg\" alt=\"\" class=\"wp-image-2884\" srcset=\"https:\/\/taekwondo-woergl.at\/wp-content\/uploads\/2025\/10\/Thurner-Felix.jpeg 1200w, https:\/\/taekwondo-woergl.at\/wp-content\/uploads\/2025\/10\/Thurner-Felix-225x300.jpeg 225w, https:\/\/taekwondo-woergl.at\/wp-content\/uploads\/2025\/10\/Thurner-Felix-768x1024.jpeg 768w, https:\/\/taekwondo-woergl.at\/wp-content\/uploads\/2025\/10\/Thurner-Felix-1152x1536.jpeg 1152w, https:\/\/taekwondo-woergl.at\/wp-content\/uploads\/2025\/10\/Thurner-Felix-9x12.jpeg 9w\" sizes=\"auto, (max-width: 1200px) 100vw, 1200px\" \/><button\n\t\t\tclass=\"lightbox-trigger\"\n\t\t\ttype=\"button\"\n\t\t\taria-haspopup=\"dialog\"\n\t\t\taria-label=\"Enlarge\"\n\t\t\tdata-wp-init=\"callbacks.initTriggerButton\"\n\t\t\tdata-wp-on--click=\"actions.showLightbox\"\n\t\t\tdata-wp-style--right=\"state.imageButtonRight\"\n\t\t\tdata-wp-style--top=\"state.imageButtonTop\"\n\t\t>\n\t\t\t<svg xmlns=\"http:\/\/www.w3.org\/2000\/svg\" width=\"12\" height=\"12\" fill=\"none\" viewbox=\"0 0 12 12\">\n\t\t\t\t<path fill=\"#fff\" d=\"M2 0a2 2 0 0 0-2 2v2h1.5V2a.5.5 0 0 1 .5-.5h2V0H2Zm2 10.5H2a.5.5 0 0 1-.5-.5V8H0v2a2 2 0 0 0 2 2h2v-1.5ZM8 12v-1.5h2a.5.5 0 0 0 .5-.5V8H12v2a2 2 0 0 1-2 2H8Zm2-12a2 2 0 0 1 2 2v2h-1.5V2a.5.5 0 0 0-.5-.5H8V0h2Z\" \/>\n\t\t\t<\/svg>\n\t\t<\/button><\/figure>\n\n\n\n<h5 class=\"wp-block-heading\">Markus Huber<\/h5>\n\n\n\n<p>Assistant coach<\/p>\n\n\n\n<figure data-wp-context=\"{&quot;imageId&quot;:&quot;69e4d20d0947a&quot;}\" data-wp-interactive=\"core\/image\" data-wp-key=\"69e4d20d0947a\" class=\"wp-block-image size-full is-resized wp-lightbox-container\"><img loading=\"lazy\" decoding=\"async\" width=\"200\" height=\"200\" data-wp-class--hide=\"state.isContentHidden\" data-wp-class--show=\"state.isContentVisible\" data-wp-init=\"callbacks.setButtonStyles\" data-wp-on--click=\"actions.showLightbox\" data-wp-on--load=\"callbacks.setButtonStyles\" data-wp-on-window--resize=\"callbacks.setButtonStyles\" src=\"http:\/\/taekwondo-woergl.at\/wp-content\/uploads\/2025\/10\/Huber-Markus.jpeg\" alt=\"\" class=\"wp-image-2886\" style=\"width:839px;height:auto\" srcset=\"https:\/\/taekwondo-woergl.at\/wp-content\/uploads\/2025\/10\/Huber-Markus.jpeg 200w, https:\/\/taekwondo-woergl.at\/wp-content\/uploads\/2025\/10\/Huber-Markus-150x150.jpeg 150w, https:\/\/taekwondo-woergl.at\/wp-content\/uploads\/2025\/10\/Huber-Markus-12x12.jpeg 12w\" sizes=\"auto, (max-width: 200px) 100vw, 200px\" \/><button\n\t\t\tclass=\"lightbox-trigger\"\n\t\t\ttype=\"button\"\n\t\t\taria-haspopup=\"dialog\"\n\t\t\taria-label=\"Enlarge\"\n\t\t\tdata-wp-init=\"callbacks.initTriggerButton\"\n\t\t\tdata-wp-on--click=\"actions.showLightbox\"\n\t\t\tdata-wp-style--right=\"state.imageButtonRight\"\n\t\t\tdata-wp-style--top=\"state.imageButtonTop\"\n\t\t>\n\t\t\t<svg xmlns=\"http:\/\/www.w3.org\/2000\/svg\" width=\"12\" height=\"12\" fill=\"none\" viewbox=\"0 0 12 12\">\n\t\t\t\t<path fill=\"#fff\" d=\"M2 0a2 2 0 0 0-2 2v2h1.5V2a.5.5 0 0 1 .5-.5h2V0H2Zm2 10.5H2a.5.5 0 0 1-.5-.5V8H0v2a2 2 0 0 0 2 2h2v-1.5ZM8 12v-1.5h2a.5.5 0 0 0 .5-.5V8H12v2a2 2 0 0 1-2 2H8Zm2-12a2 2 0 0 1 2 2v2h-1.5V2a.5.5 0 0 0-.5-.5H8V0h2Z\" \/>\n\t\t\t<\/svg>\n\t\t<\/button><\/figure>\n\n\n\n<div style=\"height:30px\" aria-hidden=\"true\" class=\"wp-block-spacer\"><\/div>\n\n\n\n<p><\/p>","protected":false},"excerpt":{"rendered":"<p>Daniel Pirchmoser Trainer Seit meinem ersten Training im Herbst 1970 ist Taekwondo ein st\u00e4ndiger Wegbegleiter in meinem Leben geworden. Erst als Leistungssport selbst erfolgreich betrieben, habe ich in meiner anschlie\u00dfenden Trainerlaufbahn viele erfolgreiche Sportler in ihrer Karriere begleiten d\u00fcrfen. Auch heute macht es mir noch unheimlich Spa\u00df, mit all den<\/p>","protected":false},"author":1,"featured_media":0,"parent":0,"menu_order":0,"comment_status":"closed","ping_status":"closed","template":"","meta":{"_exactmetrics_skip_tracking":false,"_exactmetrics_sitenote_active":false,"_exactmetrics_sitenote_note":"","_exactmetrics_sitenote_category":0,"footnotes":""},"class_list":["post-11","page","type-page","status-publish","hentry"],"_links":{"self":[{"href":"https:\/\/taekwondo-woergl.at\/en\/wp-json\/wp\/v2\/pages\/11","targetHints":{"allow":["GET"]}}],"collection":[{"href":"https:\/\/taekwondo-woergl.at\/en\/wp-json\/wp\/v2\/pages"}],"about":[{"href":"https:\/\/taekwondo-woergl.at\/en\/wp-json\/wp\/v2\/types\/page"}],"author":[{"embeddable":true,"href":"https:\/\/taekwondo-woergl.at\/en\/wp-json\/wp\/v2\/users\/1"}],"replies":[{"embeddable":true,"href":"https:\/\/taekwondo-woergl.at\/en\/wp-json\/wp\/v2\/comments?post=11"}],"version-history":[{"count":3,"href":"https:\/\/taekwondo-woergl.at\/en\/wp-json\/wp\/v2\/pages\/11\/revisions"}],"predecessor-version":[{"id":2890,"href":"https:\/\/taekwondo-woergl.at\/en\/wp-json\/wp\/v2\/pages\/11\/revisions\/2890"}],"wp:attachment":[{"href":"https:\/\/taekwondo-woergl.at\/en\/wp-json\/wp\/v2\/media?parent=11"}],"curies":[{"name":"wp","href":"https:\/\/api.w.org\/{rel}","templated":true}]}}