{"id":13,"date":"2018-09-28T18:49:52","date_gmt":"2018-09-28T18:49:52","guid":{"rendered":"http:\/\/taekwondo-woergl.at\/?page_id=13"},"modified":"2026-04-07T20:06:33","modified_gmt":"2026-04-07T19:06:33","slug":"termine","status":"publish","type":"page","link":"https:\/\/taekwondo-woergl.at\/en\/termine\/","title":{"rendered":"Events"},"content":{"rendered":"<h2 class=\"wp-block-heading\" id=\"nachste-termine\">Next dates<\/h2>\n\n\n\n<figure class=\"wp-block-table is-style-stripes\"><table><thead><tr><th>What?<\/th><th>Where?<\/th><th>When?<\/th><\/tr><\/thead><tbody><tr><td>London Open G1<\/td><td>London \u2013 Great Britain<\/td><td>02-03.05.2026<\/td><\/tr><tr><td>Sport Austria Finals<\/td><td>Vienna \u2013 Austria<\/td><td>06.06.2026<\/td><\/tr><tr><td>Austrian Open G1<\/td><td>S\u00fcdstadt \u2013 Austria<\/td><td>20-21.06.2026<\/td><\/tr><tr><td>Croatia Open G1<\/td><td>Zagreb \u2013 Croatia<\/td><td>03.10.2026<\/td><\/tr><tr><td>President\u2019s Cup G1<\/td><td>Europe<\/td><td><\/td><\/tr><\/tbody><\/table><\/figure>\n\n\n\n<p><\/p>","protected":false},"excerpt":{"rendered":"<p>N\u00e4chste Termine Was? Wo? Wann? London Open G1 London &#8211; Gro\u00dfbritannien 02-03.05.2026 Sport Austria Finals Wien &#8211; \u00d6sterreich 06.06.2026 Austrian Open G1 S\u00fcdstadt &#8211; \u00d6sterreich 20-21.06.2026 Croatia Open G1 Zagreb &#8211; Kroatien 03.10.2026 President&#8217;s Cup G1 Europa<\/p>","protected":false},"author":1,"featured_media":0,"parent":0,"menu_order":0,"comment_status":"closed","ping_status":"closed","template":"","meta":{"_exactmetrics_skip_tracking":false,"_exactmetrics_sitenote_active":false,"_exactmetrics_sitenote_note":"","_exactmetrics_sitenote_category":0,"footnotes":""},"class_list":["post-13","page","type-page","status-publish","hentry"],"_links":{"self":[{"href":"https:\/\/taekwondo-woergl.at\/en\/wp-json\/wp\/v2\/pages\/13","targetHints":{"allow":["GET"]}}],"collection":[{"href":"https:\/\/taekwondo-woergl.at\/en\/wp-json\/wp\/v2\/pages"}],"about":[{"href":"https:\/\/taekwondo-woergl.at\/en\/wp-json\/wp\/v2\/types\/page"}],"author":[{"embeddable":true,"href":"https:\/\/taekwondo-woergl.at\/en\/wp-json\/wp\/v2\/users\/1"}],"replies":[{"embeddable":true,"href":"https:\/\/taekwondo-woergl.at\/en\/wp-json\/wp\/v2\/comments?post=13"}],"version-history":[{"count":33,"href":"https:\/\/taekwondo-woergl.at\/en\/wp-json\/wp\/v2\/pages\/13\/revisions"}],"predecessor-version":[{"id":3014,"href":"https:\/\/taekwondo-woergl.at\/en\/wp-json\/wp\/v2\/pages\/13\/revisions\/3014"}],"wp:attachment":[{"href":"https:\/\/taekwondo-woergl.at\/en\/wp-json\/wp\/v2\/media?parent=13"}],"curies":[{"name":"wp","href":"https:\/\/api.w.org\/{rel}","templated":true}]}}