{"id":410,"date":"2018-10-28T09:36:53","date_gmt":"2018-10-28T09:36:53","guid":{"rendered":"http:\/\/taekwondo-woergl.at\/?page_id=410"},"modified":"2023-11-09T12:48:17","modified_gmt":"2023-11-09T11:48:17","slug":"training","status":"publish","type":"page","link":"https:\/\/taekwondo-woergl.at\/en\/training\/","title":{"rendered":"Training"},"content":{"rendered":"<figure class=\"wp-block-embed is-type-video is-provider-youtube wp-block-embed-youtube wp-embed-aspect-16-9 wp-has-aspect-ratio\"><div class=\"wp-block-embed__wrapper\">\n<iframe loading=\"lazy\" title=\"Taekwondo Club W\u00f6rgl - Image film\" width=\"750\" height=\"422\" src=\"https:\/\/www.youtube.com\/embed\/q5uNqgM_Qak?feature=oembed\" frameborder=\"0\" allow=\"accelerometer; autoplay; clipboard-write; encrypted-media; gyroscope; picture-in-picture; web-share\" allowfullscreen><\/iframe>\n<\/div><\/figure>\n\n\n\n<div style=\"height:30px\" aria-hidden=\"true\" class=\"wp-block-spacer\"><\/div>\n\n\n\n<h4 class=\"wp-block-heading\">Adult training<\/h4>\n\n\n\n<p>Have you always wanted to practise a martial art or are you looking for a professional training facility where you can really work out?<br>Then you've come to the right place!<br><\/p>\n\n\n\n<div class=\"wp-block-button aligncenter\"><a class=\"wp-block-button__link has-white-color has-black-background-color has-text-color has-background wp-element-button\" href=\"http:\/\/taekwondo-woergl.at\/en\/erwachsenentraining\/\">Adult training<\/a><\/div>\n\n\n\n<figure data-wp-context=\"{&quot;imageId&quot;:&quot;69e73a3c3ab8e&quot;}\" data-wp-interactive=\"core\/image\" data-wp-key=\"69e73a3c3ab8e\" class=\"wp-block-image size-full wp-lightbox-container\"><img loading=\"lazy\" decoding=\"async\" width=\"3221\" height=\"4831\" data-wp-class--hide=\"state.isContentHidden\" data-wp-class--show=\"state.isContentVisible\" data-wp-init=\"callbacks.setButtonStyles\" data-wp-on--click=\"actions.showLightbox\" data-wp-on--load=\"callbacks.setButtonStyles\" data-wp-on-window--resize=\"callbacks.setButtonStyles\" src=\"http:\/\/taekwondo-woergl.at\/wp-content\/uploads\/2018\/09\/Tiroler-Meisterschaft-2017-37.jpg\" alt=\"\" class=\"wp-image-69\" srcset=\"https:\/\/taekwondo-woergl.at\/wp-content\/uploads\/2018\/09\/Tiroler-Meisterschaft-2017-37.jpg 3221w, https:\/\/taekwondo-woergl.at\/wp-content\/uploads\/2018\/09\/Tiroler-Meisterschaft-2017-37-200x300.jpg 200w, https:\/\/taekwondo-woergl.at\/wp-content\/uploads\/2018\/09\/Tiroler-Meisterschaft-2017-37-768x1152.jpg 768w, https:\/\/taekwondo-woergl.at\/wp-content\/uploads\/2018\/09\/Tiroler-Meisterschaft-2017-37-683x1024.jpg 683w\" sizes=\"auto, (max-width: 3221px) 100vw, 3221px\" \/><button\n\t\t\tclass=\"lightbox-trigger\"\n\t\t\ttype=\"button\"\n\t\t\taria-haspopup=\"dialog\"\n\t\t\taria-label=\"Enlarge\"\n\t\t\tdata-wp-init=\"callbacks.initTriggerButton\"\n\t\t\tdata-wp-on--click=\"actions.showLightbox\"\n\t\t\tdata-wp-style--right=\"state.imageButtonRight\"\n\t\t\tdata-wp-style--top=\"state.imageButtonTop\"\n\t\t>\n\t\t\t<svg xmlns=\"http:\/\/www.w3.org\/2000\/svg\" width=\"12\" height=\"12\" fill=\"none\" viewbox=\"0 0 12 12\">\n\t\t\t\t<path fill=\"#fff\" d=\"M2 0a2 2 0 0 0-2 2v2h1.5V2a.5.5 0 0 1 .5-.5h2V0H2Zm2 10.5H2a.5.5 0 0 1-.5-.5V8H0v2a2 2 0 0 0 2 2h2v-1.5ZM8 12v-1.5h2a.5.5 0 0 0 .5-.5V8H12v2a2 2 0 0 1-2 2H8Zm2-12a2 2 0 0 1 2 2v2h-1.5V2a.5.5 0 0 0-.5-.5H8V0h2Z\" \/>\n\t\t\t<\/svg>\n\t\t<\/button><\/figure>\n\n\n\n<div style=\"height:20px\" aria-hidden=\"true\" class=\"wp-block-spacer\"><\/div>\n\n\n\n<h4 class=\"wp-block-heading\">Children training<\/h4>\n\n\n\n<p>Are you looking for a club for your son or daughter where they can learn the basics of taekwondo in a fun way?<br>Then find out more now!<\/p>\n\n\n\n<div class=\"wp-block-button is-style-default aligncenter\"><a class=\"wp-block-button__link has-white-color has-black-background-color has-text-color has-background wp-element-button\" href=\"http:\/\/taekwondo-woergl.at\/en\/kindertraining\/\">Children training<\/a><\/div>\n\n\n\n<figure data-wp-context=\"{&quot;imageId&quot;:&quot;69e73a3c3b13f&quot;}\" data-wp-interactive=\"core\/image\" data-wp-key=\"69e73a3c3b13f\" class=\"wp-block-image size-full wp-lightbox-container\"><img loading=\"lazy\" decoding=\"async\" width=\"2072\" height=\"1381\" data-wp-class--hide=\"state.isContentHidden\" data-wp-class--show=\"state.isContentVisible\" data-wp-init=\"callbacks.setButtonStyles\" data-wp-on--click=\"actions.showLightbox\" data-wp-on--load=\"callbacks.setButtonStyles\" data-wp-on-window--resize=\"callbacks.setButtonStyles\" src=\"http:\/\/taekwondo-woergl.at\/wp-content\/uploads\/2019\/08\/IMG_9451-komp.jpg\" alt=\"\" class=\"wp-image-1124\" srcset=\"https:\/\/taekwondo-woergl.at\/wp-content\/uploads\/2019\/08\/IMG_9451-komp.jpg 2072w, https:\/\/taekwondo-woergl.at\/wp-content\/uploads\/2019\/08\/IMG_9451-komp-300x200.jpg 300w, https:\/\/taekwondo-woergl.at\/wp-content\/uploads\/2019\/08\/IMG_9451-komp-768x512.jpg 768w, https:\/\/taekwondo-woergl.at\/wp-content\/uploads\/2019\/08\/IMG_9451-komp-1024x683.jpg 1024w, https:\/\/taekwondo-woergl.at\/wp-content\/uploads\/2019\/08\/IMG_9451-komp-360x240.jpg 360w\" sizes=\"auto, (max-width: 2072px) 100vw, 2072px\" \/><button\n\t\t\tclass=\"lightbox-trigger\"\n\t\t\ttype=\"button\"\n\t\t\taria-haspopup=\"dialog\"\n\t\t\taria-label=\"Enlarge\"\n\t\t\tdata-wp-init=\"callbacks.initTriggerButton\"\n\t\t\tdata-wp-on--click=\"actions.showLightbox\"\n\t\t\tdata-wp-style--right=\"state.imageButtonRight\"\n\t\t\tdata-wp-style--top=\"state.imageButtonTop\"\n\t\t>\n\t\t\t<svg xmlns=\"http:\/\/www.w3.org\/2000\/svg\" width=\"12\" height=\"12\" fill=\"none\" viewbox=\"0 0 12 12\">\n\t\t\t\t<path fill=\"#fff\" d=\"M2 0a2 2 0 0 0-2 2v2h1.5V2a.5.5 0 0 1 .5-.5h2V0H2Zm2 10.5H2a.5.5 0 0 1-.5-.5V8H0v2a2 2 0 0 0 2 2h2v-1.5ZM8 12v-1.5h2a.5.5 0 0 0 .5-.5V8H12v2a2 2 0 0 1-2 2H8Zm2-12a2 2 0 0 1 2 2v2h-1.5V2a.5.5 0 0 0-.5-.5H8V0h2Z\" \/>\n\t\t\t<\/svg>\n\t\t<\/button><\/figure>\n\n\n\n<div style=\"height:20px\" aria-hidden=\"true\" class=\"wp-block-spacer\"><\/div>\n\n\n\n<h4 class=\"wp-block-heading\">Summer training<\/h4>\n\n\n\n<p>In summer, we move our training outside.<br>You can find more information here.<\/p>\n\n\n\n<div class=\"wp-block-button aligncenter\"><a class=\"wp-block-button__link has-white-color has-black-background-color has-text-color has-background has-link-color wp-element-button\" href=\"http:\/\/taekwondo-woergl.at\/en\/sommertraining\/\">Summer training<\/a><\/div>\n\n\n\n<figure data-wp-context=\"{&quot;imageId&quot;:&quot;69e73a3c3b540&quot;}\" data-wp-interactive=\"core\/image\" data-wp-key=\"69e73a3c3b540\" class=\"wp-block-image size-full wp-lightbox-container\"><img loading=\"lazy\" decoding=\"async\" width=\"1910\" height=\"1273\" data-wp-class--hide=\"state.isContentHidden\" data-wp-class--show=\"state.isContentVisible\" data-wp-init=\"callbacks.setButtonStyles\" data-wp-on--click=\"actions.showLightbox\" data-wp-on--load=\"callbacks.setButtonStyles\" data-wp-on-window--resize=\"callbacks.setButtonStyles\" src=\"http:\/\/taekwondo-woergl.at\/wp-content\/uploads\/2019\/08\/IMG_7262-komp.jpg\" alt=\"\" class=\"wp-image-1116\" srcset=\"https:\/\/taekwondo-woergl.at\/wp-content\/uploads\/2019\/08\/IMG_7262-komp.jpg 1910w, https:\/\/taekwondo-woergl.at\/wp-content\/uploads\/2019\/08\/IMG_7262-komp-300x200.jpg 300w, https:\/\/taekwondo-woergl.at\/wp-content\/uploads\/2019\/08\/IMG_7262-komp-768x512.jpg 768w, https:\/\/taekwondo-woergl.at\/wp-content\/uploads\/2019\/08\/IMG_7262-komp-1024x682.jpg 1024w, https:\/\/taekwondo-woergl.at\/wp-content\/uploads\/2019\/08\/IMG_7262-komp-360x240.jpg 360w\" sizes=\"auto, (max-width: 1910px) 100vw, 1910px\" \/><button\n\t\t\tclass=\"lightbox-trigger\"\n\t\t\ttype=\"button\"\n\t\t\taria-haspopup=\"dialog\"\n\t\t\taria-label=\"Enlarge\"\n\t\t\tdata-wp-init=\"callbacks.initTriggerButton\"\n\t\t\tdata-wp-on--click=\"actions.showLightbox\"\n\t\t\tdata-wp-style--right=\"state.imageButtonRight\"\n\t\t\tdata-wp-style--top=\"state.imageButtonTop\"\n\t\t>\n\t\t\t<svg xmlns=\"http:\/\/www.w3.org\/2000\/svg\" width=\"12\" height=\"12\" fill=\"none\" viewbox=\"0 0 12 12\">\n\t\t\t\t<path fill=\"#fff\" d=\"M2 0a2 2 0 0 0-2 2v2h1.5V2a.5.5 0 0 1 .5-.5h2V0H2Zm2 10.5H2a.5.5 0 0 1-.5-.5V8H0v2a2 2 0 0 0 2 2h2v-1.5ZM8 12v-1.5h2a.5.5 0 0 0 .5-.5V8H12v2a2 2 0 0 1-2 2H8Zm2-12a2 2 0 0 1 2 2v2h-1.5V2a.5.5 0 0 0-.5-.5H8V0h2Z\" \/>\n\t\t\t<\/svg>\n\t\t<\/button><\/figure>\n\n\n\n<div style=\"height:30px\" aria-hidden=\"true\" class=\"wp-block-spacer\"><\/div>","protected":false},"excerpt":{"rendered":"<p>Erwachsenentraining Du wolltest immer schon einen Kampfsport aus\u00fcben, oder du suchst nach einer professionellen Trainingsm\u00f6glichkeit, wo du dich richtig auspowern kannst.Dann bist du bei uns genau richtig! Kindertraining Du suchst f\u00fcr deinen Sohn oder deine Tochter einen Verein, in dem sie auf spielerische Weise die Grundlagen des Taekwondosports erlernen k\u00f6nnen.Dann<\/p>","protected":false},"author":1,"featured_media":0,"parent":0,"menu_order":0,"comment_status":"closed","ping_status":"closed","template":"","meta":{"_exactmetrics_skip_tracking":false,"_exactmetrics_sitenote_active":false,"_exactmetrics_sitenote_note":"","_exactmetrics_sitenote_category":0,"footnotes":""},"class_list":["post-410","page","type-page","status-publish","hentry"],"_links":{"self":[{"href":"https:\/\/taekwondo-woergl.at\/en\/wp-json\/wp\/v2\/pages\/410","targetHints":{"allow":["GET"]}}],"collection":[{"href":"https:\/\/taekwondo-woergl.at\/en\/wp-json\/wp\/v2\/pages"}],"about":[{"href":"https:\/\/taekwondo-woergl.at\/en\/wp-json\/wp\/v2\/types\/page"}],"author":[{"embeddable":true,"href":"https:\/\/taekwondo-woergl.at\/en\/wp-json\/wp\/v2\/users\/1"}],"replies":[{"embeddable":true,"href":"https:\/\/taekwondo-woergl.at\/en\/wp-json\/wp\/v2\/comments?post=410"}],"version-history":[{"count":0,"href":"https:\/\/taekwondo-woergl.at\/en\/wp-json\/wp\/v2\/pages\/410\/revisions"}],"wp:attachment":[{"href":"https:\/\/taekwondo-woergl.at\/en\/wp-json\/wp\/v2\/media?parent=410"}],"curies":[{"name":"wp","href":"https:\/\/api.w.org\/{rel}","templated":true}]}}