{"id":612,"date":"2019-02-03T10:29:40","date_gmt":"2019-02-03T10:29:40","guid":{"rendered":"http:\/\/taekwondo-woergl.at\/?page_id=612"},"modified":"2023-11-09T12:42:56","modified_gmt":"2023-11-09T11:42:56","slug":"sommertraining","status":"publish","type":"page","link":"https:\/\/taekwondo-woergl.at\/en\/sommertraining\/","title":{"rendered":"Summer training"},"content":{"rendered":"<p>Auch im Sommer halten wir unsere F\u00fc\u00dfe nicht still. Da in den Schulferien kein regul\u00e4res Training statt findet, verlagern wir unser Training auf den Kufsteiner Sportplatz.<\/p>\n\n\n\n<p>Dort trainieren wir zweimal pro Woche unsere Schnellkraft.  <br>Dazu stehen verschiedene Disziplinen aus der Leichtathletik wie Sprinten, Hochsprung, Weitsprung, Kugelsto\u00dfen und Ausdauerl\u00e4ufe auf dem Trainingsplan.<\/p>\n\n\n\n<p><strong>Training times  <\/strong><br>Trainingszeiten werden im Sommer mit dem Trainer vereinbart und unter Termine im Google-Kalender dargestellt.<\/p>\n\n\n\n<div class=\"wp-block-button aligncenter\"><a class=\"wp-block-button__link has-black-background-color has-background wp-element-button\" href=\"http:\/\/taekwondo-woergl.at\/en\/termine\/\">Events<\/a><\/div>\n\n\n\n<p>Grenzlandstadion Arena Kufstein:<\/p>\n\n\n\n<iframe loading=\"lazy\" src=\"https:\/\/www.google.com\/maps\/embed?pb=!1m14!1m8!1m3!1d5382.013065307637!2d12.1694!3d47.587115!3m2!1i1024!2i768!4f13.1!3m3!1m2!1s0x0%3A0xeca43f40055b3741!2sGrenzlandstadion+Arena+Kufstein!5e0!3m2!1sde!2sat!4v1549191395834\" width=\"800\" height=\"400\" frameborder=\"0\" style=\"border:0\" allowfullscreen=\"\"><\/iframe>\n\n\n\n<div style=\"height:30px\" aria-hidden=\"true\" class=\"wp-block-spacer\"><\/div>\n\n\n\n<figure data-wp-context=\"{&quot;imageId&quot;:&quot;69e0eab1df6d9&quot;}\" data-wp-interactive=\"core\/image\" data-wp-key=\"69e0eab1df6d9\" class=\"wp-block-image size-full wp-lightbox-container\"><img loading=\"lazy\" decoding=\"async\" width=\"1910\" height=\"1273\" data-wp-class--hide=\"state.isContentHidden\" data-wp-class--show=\"state.isContentVisible\" data-wp-init=\"callbacks.setButtonStyles\" data-wp-on--click=\"actions.showLightbox\" data-wp-on--load=\"callbacks.setButtonStyles\" data-wp-on-window--resize=\"callbacks.setButtonStyles\" src=\"http:\/\/taekwondo-woergl.at\/wp-content\/uploads\/2019\/08\/IMG_7262-komp.jpg\" alt=\"\" class=\"wp-image-1116\" srcset=\"https:\/\/taekwondo-woergl.at\/wp-content\/uploads\/2019\/08\/IMG_7262-komp.jpg 1910w, https:\/\/taekwondo-woergl.at\/wp-content\/uploads\/2019\/08\/IMG_7262-komp-300x200.jpg 300w, https:\/\/taekwondo-woergl.at\/wp-content\/uploads\/2019\/08\/IMG_7262-komp-768x512.jpg 768w, https:\/\/taekwondo-woergl.at\/wp-content\/uploads\/2019\/08\/IMG_7262-komp-1024x682.jpg 1024w, https:\/\/taekwondo-woergl.at\/wp-content\/uploads\/2019\/08\/IMG_7262-komp-360x240.jpg 360w\" sizes=\"auto, (max-width: 1910px) 100vw, 1910px\" \/><button\n\t\t\tclass=\"lightbox-trigger\"\n\t\t\ttype=\"button\"\n\t\t\taria-haspopup=\"dialog\"\n\t\t\taria-label=\"Enlarge\"\n\t\t\tdata-wp-init=\"callbacks.initTriggerButton\"\n\t\t\tdata-wp-on--click=\"actions.showLightbox\"\n\t\t\tdata-wp-style--right=\"state.imageButtonRight\"\n\t\t\tdata-wp-style--top=\"state.imageButtonTop\"\n\t\t>\n\t\t\t<svg xmlns=\"http:\/\/www.w3.org\/2000\/svg\" width=\"12\" height=\"12\" fill=\"none\" viewbox=\"0 0 12 12\">\n\t\t\t\t<path fill=\"#fff\" d=\"M2 0a2 2 0 0 0-2 2v2h1.5V2a.5.5 0 0 1 .5-.5h2V0H2Zm2 10.5H2a.5.5 0 0 1-.5-.5V8H0v2a2 2 0 0 0 2 2h2v-1.5ZM8 12v-1.5h2a.5.5 0 0 0 .5-.5V8H12v2a2 2 0 0 1-2 2H8Zm2-12a2 2 0 0 1 2 2v2h-1.5V2a.5.5 0 0 0-.5-.5H8V0h2Z\" \/>\n\t\t\t<\/svg>\n\t\t<\/button><\/figure>\n\n\n\n<div style=\"height:30px\" aria-hidden=\"true\" class=\"wp-block-spacer\"><\/div>\n\n\n\n<figure data-wp-context=\"{&quot;imageId&quot;:&quot;69e0eab1dfaf5&quot;}\" data-wp-interactive=\"core\/image\" data-wp-key=\"69e0eab1dfaf5\" class=\"wp-block-image size-full wp-lightbox-container\"><img loading=\"lazy\" decoding=\"async\" width=\"2400\" height=\"1600\" data-wp-class--hide=\"state.isContentHidden\" data-wp-class--show=\"state.isContentVisible\" data-wp-init=\"callbacks.setButtonStyles\" data-wp-on--click=\"actions.showLightbox\" data-wp-on--load=\"callbacks.setButtonStyles\" data-wp-on-window--resize=\"callbacks.setButtonStyles\" src=\"http:\/\/taekwondo-woergl.at\/wp-content\/uploads\/2019\/08\/IMG_7239-komp.jpg\" alt=\"\" class=\"wp-image-1115\" srcset=\"https:\/\/taekwondo-woergl.at\/wp-content\/uploads\/2019\/08\/IMG_7239-komp.jpg 2400w, https:\/\/taekwondo-woergl.at\/wp-content\/uploads\/2019\/08\/IMG_7239-komp-300x200.jpg 300w, https:\/\/taekwondo-woergl.at\/wp-content\/uploads\/2019\/08\/IMG_7239-komp-768x512.jpg 768w, https:\/\/taekwondo-woergl.at\/wp-content\/uploads\/2019\/08\/IMG_7239-komp-1024x683.jpg 1024w, https:\/\/taekwondo-woergl.at\/wp-content\/uploads\/2019\/08\/IMG_7239-komp-360x240.jpg 360w\" sizes=\"auto, (max-width: 2400px) 100vw, 2400px\" \/><button\n\t\t\tclass=\"lightbox-trigger\"\n\t\t\ttype=\"button\"\n\t\t\taria-haspopup=\"dialog\"\n\t\t\taria-label=\"Enlarge\"\n\t\t\tdata-wp-init=\"callbacks.initTriggerButton\"\n\t\t\tdata-wp-on--click=\"actions.showLightbox\"\n\t\t\tdata-wp-style--right=\"state.imageButtonRight\"\n\t\t\tdata-wp-style--top=\"state.imageButtonTop\"\n\t\t>\n\t\t\t<svg xmlns=\"http:\/\/www.w3.org\/2000\/svg\" width=\"12\" height=\"12\" fill=\"none\" viewbox=\"0 0 12 12\">\n\t\t\t\t<path fill=\"#fff\" d=\"M2 0a2 2 0 0 0-2 2v2h1.5V2a.5.5 0 0 1 .5-.5h2V0H2Zm2 10.5H2a.5.5 0 0 1-.5-.5V8H0v2a2 2 0 0 0 2 2h2v-1.5ZM8 12v-1.5h2a.5.5 0 0 0 .5-.5V8H12v2a2 2 0 0 1-2 2H8Zm2-12a2 2 0 0 1 2 2v2h-1.5V2a.5.5 0 0 0-.5-.5H8V0h2Z\" \/>\n\t\t\t<\/svg>\n\t\t<\/button><\/figure>\n\n\n\n<div style=\"height:30px\" aria-hidden=\"true\" class=\"wp-block-spacer\"><\/div>\n\n\n\n<figure data-wp-context=\"{&quot;imageId&quot;:&quot;69e0eab1dfe25&quot;}\" data-wp-interactive=\"core\/image\" data-wp-key=\"69e0eab1dfe25\" class=\"wp-block-image size-full wp-lightbox-container\"><img loading=\"lazy\" decoding=\"async\" width=\"6000\" height=\"4000\" data-wp-class--hide=\"state.isContentHidden\" data-wp-class--show=\"state.isContentVisible\" data-wp-init=\"callbacks.setButtonStyles\" data-wp-on--click=\"actions.showLightbox\" data-wp-on--load=\"callbacks.setButtonStyles\" data-wp-on-window--resize=\"callbacks.setButtonStyles\" src=\"http:\/\/taekwondo-woergl.at\/wp-content\/uploads\/2019\/08\/IMG_1528.jpg\" alt=\"\" class=\"wp-image-1165\" srcset=\"https:\/\/taekwondo-woergl.at\/wp-content\/uploads\/2019\/08\/IMG_1528.jpg 6000w, https:\/\/taekwondo-woergl.at\/wp-content\/uploads\/2019\/08\/IMG_1528-300x200.jpg 300w, https:\/\/taekwondo-woergl.at\/wp-content\/uploads\/2019\/08\/IMG_1528-768x512.jpg 768w, https:\/\/taekwondo-woergl.at\/wp-content\/uploads\/2019\/08\/IMG_1528-1024x683.jpg 1024w, https:\/\/taekwondo-woergl.at\/wp-content\/uploads\/2019\/08\/IMG_1528-360x240.jpg 360w\" sizes=\"auto, (max-width: 6000px) 100vw, 6000px\" \/><button\n\t\t\tclass=\"lightbox-trigger\"\n\t\t\ttype=\"button\"\n\t\t\taria-haspopup=\"dialog\"\n\t\t\taria-label=\"Enlarge\"\n\t\t\tdata-wp-init=\"callbacks.initTriggerButton\"\n\t\t\tdata-wp-on--click=\"actions.showLightbox\"\n\t\t\tdata-wp-style--right=\"state.imageButtonRight\"\n\t\t\tdata-wp-style--top=\"state.imageButtonTop\"\n\t\t>\n\t\t\t<svg xmlns=\"http:\/\/www.w3.org\/2000\/svg\" width=\"12\" height=\"12\" fill=\"none\" viewbox=\"0 0 12 12\">\n\t\t\t\t<path fill=\"#fff\" d=\"M2 0a2 2 0 0 0-2 2v2h1.5V2a.5.5 0 0 1 .5-.5h2V0H2Zm2 10.5H2a.5.5 0 0 1-.5-.5V8H0v2a2 2 0 0 0 2 2h2v-1.5ZM8 12v-1.5h2a.5.5 0 0 0 .5-.5V8H12v2a2 2 0 0 1-2 2H8Zm2-12a2 2 0 0 1 2 2v2h-1.5V2a.5.5 0 0 0-.5-.5H8V0h2Z\" \/>\n\t\t\t<\/svg>\n\t\t<\/button><\/figure>\n\n\n\n<div style=\"height:30px\" aria-hidden=\"true\" class=\"wp-block-spacer\"><\/div>\n\n\n\n<figure data-wp-context=\"{&quot;imageId&quot;:&quot;69e0eab1e011b&quot;}\" data-wp-interactive=\"core\/image\" data-wp-key=\"69e0eab1e011b\" class=\"wp-block-image size-full wp-lightbox-container\"><img loading=\"lazy\" decoding=\"async\" width=\"5878\" height=\"3919\" data-wp-class--hide=\"state.isContentHidden\" data-wp-class--show=\"state.isContentVisible\" data-wp-init=\"callbacks.setButtonStyles\" data-wp-on--click=\"actions.showLightbox\" data-wp-on--load=\"callbacks.setButtonStyles\" data-wp-on-window--resize=\"callbacks.setButtonStyles\" src=\"http:\/\/taekwondo-woergl.at\/wp-content\/uploads\/2019\/08\/IMG_1583.jpg\" alt=\"\" class=\"wp-image-1164\" srcset=\"https:\/\/taekwondo-woergl.at\/wp-content\/uploads\/2019\/08\/IMG_1583.jpg 5878w, https:\/\/taekwondo-woergl.at\/wp-content\/uploads\/2019\/08\/IMG_1583-300x200.jpg 300w, https:\/\/taekwondo-woergl.at\/wp-content\/uploads\/2019\/08\/IMG_1583-768x512.jpg 768w, https:\/\/taekwondo-woergl.at\/wp-content\/uploads\/2019\/08\/IMG_1583-1024x683.jpg 1024w, https:\/\/taekwondo-woergl.at\/wp-content\/uploads\/2019\/08\/IMG_1583-360x240.jpg 360w\" sizes=\"auto, (max-width: 5878px) 100vw, 5878px\" \/><button\n\t\t\tclass=\"lightbox-trigger\"\n\t\t\ttype=\"button\"\n\t\t\taria-haspopup=\"dialog\"\n\t\t\taria-label=\"Enlarge\"\n\t\t\tdata-wp-init=\"callbacks.initTriggerButton\"\n\t\t\tdata-wp-on--click=\"actions.showLightbox\"\n\t\t\tdata-wp-style--right=\"state.imageButtonRight\"\n\t\t\tdata-wp-style--top=\"state.imageButtonTop\"\n\t\t>\n\t\t\t<svg xmlns=\"http:\/\/www.w3.org\/2000\/svg\" width=\"12\" height=\"12\" fill=\"none\" viewbox=\"0 0 12 12\">\n\t\t\t\t<path fill=\"#fff\" d=\"M2 0a2 2 0 0 0-2 2v2h1.5V2a.5.5 0 0 1 .5-.5h2V0H2Zm2 10.5H2a.5.5 0 0 1-.5-.5V8H0v2a2 2 0 0 0 2 2h2v-1.5ZM8 12v-1.5h2a.5.5 0 0 0 .5-.5V8H12v2a2 2 0 0 1-2 2H8Zm2-12a2 2 0 0 1 2 2v2h-1.5V2a.5.5 0 0 0-.5-.5H8V0h2Z\" \/>\n\t\t\t<\/svg>\n\t\t<\/button><\/figure>\n\n\n\n<div style=\"height:30px\" aria-hidden=\"true\" class=\"wp-block-spacer\"><\/div>\n\n\n\n<figure data-wp-context=\"{&quot;imageId&quot;:&quot;69e0eab1e0414&quot;}\" data-wp-interactive=\"core\/image\" data-wp-key=\"69e0eab1e0414\" class=\"wp-block-image size-full wp-lightbox-container\"><img loading=\"lazy\" decoding=\"async\" width=\"5017\" height=\"3345\" data-wp-class--hide=\"state.isContentHidden\" data-wp-class--show=\"state.isContentVisible\" data-wp-init=\"callbacks.setButtonStyles\" data-wp-on--click=\"actions.showLightbox\" data-wp-on--load=\"callbacks.setButtonStyles\" data-wp-on-window--resize=\"callbacks.setButtonStyles\" src=\"http:\/\/taekwondo-woergl.at\/wp-content\/uploads\/2019\/08\/IMG_1562.jpg\" alt=\"\" class=\"wp-image-1161\" srcset=\"https:\/\/taekwondo-woergl.at\/wp-content\/uploads\/2019\/08\/IMG_1562.jpg 5017w, https:\/\/taekwondo-woergl.at\/wp-content\/uploads\/2019\/08\/IMG_1562-300x200.jpg 300w, https:\/\/taekwondo-woergl.at\/wp-content\/uploads\/2019\/08\/IMG_1562-768x512.jpg 768w, https:\/\/taekwondo-woergl.at\/wp-content\/uploads\/2019\/08\/IMG_1562-1024x683.jpg 1024w, https:\/\/taekwondo-woergl.at\/wp-content\/uploads\/2019\/08\/IMG_1562-360x240.jpg 360w\" sizes=\"auto, (max-width: 5017px) 100vw, 5017px\" \/><button\n\t\t\tclass=\"lightbox-trigger\"\n\t\t\ttype=\"button\"\n\t\t\taria-haspopup=\"dialog\"\n\t\t\taria-label=\"Enlarge\"\n\t\t\tdata-wp-init=\"callbacks.initTriggerButton\"\n\t\t\tdata-wp-on--click=\"actions.showLightbox\"\n\t\t\tdata-wp-style--right=\"state.imageButtonRight\"\n\t\t\tdata-wp-style--top=\"state.imageButtonTop\"\n\t\t>\n\t\t\t<svg xmlns=\"http:\/\/www.w3.org\/2000\/svg\" width=\"12\" height=\"12\" fill=\"none\" viewbox=\"0 0 12 12\">\n\t\t\t\t<path fill=\"#fff\" d=\"M2 0a2 2 0 0 0-2 2v2h1.5V2a.5.5 0 0 1 .5-.5h2V0H2Zm2 10.5H2a.5.5 0 0 1-.5-.5V8H0v2a2 2 0 0 0 2 2h2v-1.5ZM8 12v-1.5h2a.5.5 0 0 0 .5-.5V8H12v2a2 2 0 0 1-2 2H8Zm2-12a2 2 0 0 1 2 2v2h-1.5V2a.5.5 0 0 0-.5-.5H8V0h2Z\" \/>\n\t\t\t<\/svg>\n\t\t<\/button><\/figure>\n\n\n\n<div style=\"height:30px\" aria-hidden=\"true\" class=\"wp-block-spacer\"><\/div>\n\n\n\n<figure data-wp-context=\"{&quot;imageId&quot;:&quot;69e0eab1e0721&quot;}\" data-wp-interactive=\"core\/image\" data-wp-key=\"69e0eab1e0721\" class=\"wp-block-image size-full wp-lightbox-container\"><img loading=\"lazy\" decoding=\"async\" width=\"3723\" height=\"2482\" data-wp-class--hide=\"state.isContentHidden\" data-wp-class--show=\"state.isContentVisible\" data-wp-init=\"callbacks.setButtonStyles\" data-wp-on--click=\"actions.showLightbox\" data-wp-on--load=\"callbacks.setButtonStyles\" data-wp-on-window--resize=\"callbacks.setButtonStyles\" src=\"http:\/\/taekwondo-woergl.at\/wp-content\/uploads\/2019\/08\/IMG_1351.jpg\" alt=\"\" class=\"wp-image-1167\" srcset=\"https:\/\/taekwondo-woergl.at\/wp-content\/uploads\/2019\/08\/IMG_1351.jpg 3723w, https:\/\/taekwondo-woergl.at\/wp-content\/uploads\/2019\/08\/IMG_1351-300x200.jpg 300w, https:\/\/taekwondo-woergl.at\/wp-content\/uploads\/2019\/08\/IMG_1351-768x512.jpg 768w, https:\/\/taekwondo-woergl.at\/wp-content\/uploads\/2019\/08\/IMG_1351-1024x683.jpg 1024w, https:\/\/taekwondo-woergl.at\/wp-content\/uploads\/2019\/08\/IMG_1351-360x240.jpg 360w\" sizes=\"auto, (max-width: 3723px) 100vw, 3723px\" \/><button\n\t\t\tclass=\"lightbox-trigger\"\n\t\t\ttype=\"button\"\n\t\t\taria-haspopup=\"dialog\"\n\t\t\taria-label=\"Enlarge\"\n\t\t\tdata-wp-init=\"callbacks.initTriggerButton\"\n\t\t\tdata-wp-on--click=\"actions.showLightbox\"\n\t\t\tdata-wp-style--right=\"state.imageButtonRight\"\n\t\t\tdata-wp-style--top=\"state.imageButtonTop\"\n\t\t>\n\t\t\t<svg xmlns=\"http:\/\/www.w3.org\/2000\/svg\" width=\"12\" height=\"12\" fill=\"none\" viewbox=\"0 0 12 12\">\n\t\t\t\t<path fill=\"#fff\" d=\"M2 0a2 2 0 0 0-2 2v2h1.5V2a.5.5 0 0 1 .5-.5h2V0H2Zm2 10.5H2a.5.5 0 0 1-.5-.5V8H0v2a2 2 0 0 0 2 2h2v-1.5ZM8 12v-1.5h2a.5.5 0 0 0 .5-.5V8H12v2a2 2 0 0 1-2 2H8Zm2-12a2 2 0 0 1 2 2v2h-1.5V2a.5.5 0 0 0-.5-.5H8V0h2Z\" \/>\n\t\t\t<\/svg>\n\t\t<\/button><\/figure>\n\n\n\n<div style=\"height:30px\" aria-hidden=\"true\" class=\"wp-block-spacer\"><\/div>","protected":false},"excerpt":{"rendered":"<p>Auch im Sommer halten wir unsere F\u00fc\u00dfe nicht still. Da in den Schulferien kein regul\u00e4res Training statt findet, verlagern wir unser Training auf den Kufsteiner Sportplatz. Dort trainieren wir zweimal pro Woche unsere Schnellkraft. Dazu stehen verschiedene Disziplinen aus der Leichtathletik wie Sprinten, Hochsprung, Weitsprung, Kugelsto\u00dfen und Ausdauerl\u00e4ufe auf dem<\/p>","protected":false},"author":1,"featured_media":0,"parent":0,"menu_order":0,"comment_status":"closed","ping_status":"closed","template":"","meta":{"_exactmetrics_skip_tracking":false,"_exactmetrics_sitenote_active":false,"_exactmetrics_sitenote_note":"","_exactmetrics_sitenote_category":0,"footnotes":""},"class_list":["post-612","page","type-page","status-publish","hentry"],"_links":{"self":[{"href":"https:\/\/taekwondo-woergl.at\/en\/wp-json\/wp\/v2\/pages\/612","targetHints":{"allow":["GET"]}}],"collection":[{"href":"https:\/\/taekwondo-woergl.at\/en\/wp-json\/wp\/v2\/pages"}],"about":[{"href":"https:\/\/taekwondo-woergl.at\/en\/wp-json\/wp\/v2\/types\/page"}],"author":[{"embeddable":true,"href":"https:\/\/taekwondo-woergl.at\/en\/wp-json\/wp\/v2\/users\/1"}],"replies":[{"embeddable":true,"href":"https:\/\/taekwondo-woergl.at\/en\/wp-json\/wp\/v2\/comments?post=612"}],"version-history":[{"count":0,"href":"https:\/\/taekwondo-woergl.at\/en\/wp-json\/wp\/v2\/pages\/612\/revisions"}],"wp:attachment":[{"href":"https:\/\/taekwondo-woergl.at\/en\/wp-json\/wp\/v2\/media?parent=612"}],"curies":[{"name":"wp","href":"https:\/\/api.w.org\/{rel}","templated":true}]}}