{"id":9,"date":"2018-09-28T18:49:24","date_gmt":"2018-09-28T18:49:24","guid":{"rendered":"http:\/\/taekwondo-woergl.at\/?page_id=9"},"modified":"2025-09-08T18:04:45","modified_gmt":"2025-09-08T17:04:45","slug":"unser-verein","status":"publish","type":"page","link":"https:\/\/taekwondo-woergl.at\/en\/unser-verein\/","title":{"rendered":"Our Club"},"content":{"rendered":"<p>As one of the most successful taekwondo clubs in Austria, we have dedicated ourselves to intensive development work in popular and elite sport for many years.<\/p>\n\n\n\n<p>It took our club only three years from its beginnings in 1982 to reach the top of Austrian taekwondo sport.<\/p>\n\n\n\n<p>With its training programme and the achievements of its members, the Taekwondo Club W\u00f6rgl is one of the oldest and most successful Taekwondo clubs in Austria.<\/p>\n\n\n\n<div class=\"wp-block-buttons is-content-justification-center is-layout-flex wp-container-core-buttons-is-layout-a89b3969 wp-block-buttons-is-layout-flex\">\n<div class=\"wp-block-button\"><a class=\"wp-block-button__link has-white-color has-black-background-color has-text-color has-background has-link-color wp-element-button\" href=\"https:\/\/worldtkd.simplycompete.com\/playerRankingV2?limit=25&amp;pageNo=1&amp;month=8&amp;year=2025&amp;rankingCategoryId=11ebd77c-07b4-fb7c-9e18-0272bb316bc1&amp;subCategory1=11ebd77b-d853-c636-9e18-0272bb316bc1&amp;rankingTypeId=11ea9376-2f70-6383-aefb-0af9674366aa\">World Rankings<\/a><\/div>\n<\/div>\n\n\n\n<div style=\"height:10px\" aria-hidden=\"true\" class=\"wp-block-spacer\"><\/div>\n\n\n\n<figure class=\"wp-block-embed is-type-video is-provider-youtube wp-block-embed-youtube wp-embed-aspect-16-9 wp-has-aspect-ratio\"><div class=\"wp-block-embed__wrapper\">\n<iframe loading=\"lazy\" title=\"Taekwondo Club W\u00f6rgl - Image film\" width=\"750\" height=\"422\" src=\"https:\/\/www.youtube.com\/embed\/q5uNqgM_Qak?feature=oembed\" frameborder=\"0\" allow=\"accelerometer; autoplay; clipboard-write; encrypted-media; gyroscope; picture-in-picture; web-share\" referrerpolicy=\"strict-origin-when-cross-origin\" allowfullscreen><\/iframe>\n<\/div><\/figure>\n\n\n\n<div style=\"height:30px\" aria-hidden=\"true\" class=\"wp-block-spacer\"><\/div>\n\n\n\n<figure data-wp-context=\"{&quot;imageId&quot;:&quot;69e111d9081ed&quot;}\" data-wp-interactive=\"core\/image\" data-wp-key=\"69e111d9081ed\" class=\"wp-block-image size-full wp-lightbox-container\"><img loading=\"lazy\" decoding=\"async\" width=\"5000\" height=\"3333\" data-wp-class--hide=\"state.isContentHidden\" data-wp-class--show=\"state.isContentVisible\" data-wp-init=\"callbacks.setButtonStyles\" data-wp-on--click=\"actions.showLightbox\" data-wp-on--load=\"callbacks.setButtonStyles\" data-wp-on-window--resize=\"callbacks.setButtonStyles\" src=\"http:\/\/taekwondo-woergl.at\/wp-content\/uploads\/2019\/07\/IMG_1248-e1565721015246.jpg\" alt=\"\" class=\"wp-image-922\"\/><button\n\t\t\tclass=\"lightbox-trigger\"\n\t\t\ttype=\"button\"\n\t\t\taria-haspopup=\"dialog\"\n\t\t\taria-label=\"Enlarge\"\n\t\t\tdata-wp-init=\"callbacks.initTriggerButton\"\n\t\t\tdata-wp-on--click=\"actions.showLightbox\"\n\t\t\tdata-wp-style--right=\"state.imageButtonRight\"\n\t\t\tdata-wp-style--top=\"state.imageButtonTop\"\n\t\t>\n\t\t\t<svg xmlns=\"http:\/\/www.w3.org\/2000\/svg\" width=\"12\" height=\"12\" fill=\"none\" viewbox=\"0 0 12 12\">\n\t\t\t\t<path fill=\"#fff\" d=\"M2 0a2 2 0 0 0-2 2v2h1.5V2a.5.5 0 0 1 .5-.5h2V0H2Zm2 10.5H2a.5.5 0 0 1-.5-.5V8H0v2a2 2 0 0 0 2 2h2v-1.5ZM8 12v-1.5h2a.5.5 0 0 0 .5-.5V8H12v2a2 2 0 0 1-2 2H8Zm2-12a2 2 0 0 1 2 2v2h-1.5V2a.5.5 0 0 0-.5-.5H8V0h2Z\" \/>\n\t\t\t<\/svg>\n\t\t<\/button><\/figure>\n\n\n\n<div style=\"height:30px\" aria-hidden=\"true\" class=\"wp-block-spacer\"><\/div>\n\n\n\n<figure data-wp-context=\"{&quot;imageId&quot;:&quot;69e111d90854f&quot;}\" data-wp-interactive=\"core\/image\" data-wp-key=\"69e111d90854f\" class=\"wp-block-image size-full wp-lightbox-container\"><img loading=\"lazy\" decoding=\"async\" width=\"1536\" height=\"864\" data-wp-class--hide=\"state.isContentHidden\" data-wp-class--show=\"state.isContentVisible\" data-wp-init=\"callbacks.setButtonStyles\" data-wp-on--click=\"actions.showLightbox\" data-wp-on--load=\"callbacks.setButtonStyles\" data-wp-on-window--resize=\"callbacks.setButtonStyles\" src=\"http:\/\/taekwondo-woergl.at\/wp-content\/uploads\/2025\/06\/IMG_2856.png\" alt=\"\" class=\"wp-image-2811\" srcset=\"https:\/\/taekwondo-woergl.at\/wp-content\/uploads\/2025\/06\/IMG_2856.png 1536w, https:\/\/taekwondo-woergl.at\/wp-content\/uploads\/2025\/06\/IMG_2856-300x169.png 300w, https:\/\/taekwondo-woergl.at\/wp-content\/uploads\/2025\/06\/IMG_2856-1024x576.png 1024w, https:\/\/taekwondo-woergl.at\/wp-content\/uploads\/2025\/06\/IMG_2856-768x432.png 768w, https:\/\/taekwondo-woergl.at\/wp-content\/uploads\/2025\/06\/IMG_2856-18x10.png 18w\" sizes=\"auto, (max-width: 1536px) 100vw, 1536px\" \/><button\n\t\t\tclass=\"lightbox-trigger\"\n\t\t\ttype=\"button\"\n\t\t\taria-haspopup=\"dialog\"\n\t\t\taria-label=\"Enlarge\"\n\t\t\tdata-wp-init=\"callbacks.initTriggerButton\"\n\t\t\tdata-wp-on--click=\"actions.showLightbox\"\n\t\t\tdata-wp-style--right=\"state.imageButtonRight\"\n\t\t\tdata-wp-style--top=\"state.imageButtonTop\"\n\t\t>\n\t\t\t<svg xmlns=\"http:\/\/www.w3.org\/2000\/svg\" width=\"12\" height=\"12\" fill=\"none\" viewbox=\"0 0 12 12\">\n\t\t\t\t<path fill=\"#fff\" d=\"M2 0a2 2 0 0 0-2 2v2h1.5V2a.5.5 0 0 1 .5-.5h2V0H2Zm2 10.5H2a.5.5 0 0 1-.5-.5V8H0v2a2 2 0 0 0 2 2h2v-1.5ZM8 12v-1.5h2a.5.5 0 0 0 .5-.5V8H12v2a2 2 0 0 1-2 2H8Zm2-12a2 2 0 0 1 2 2v2h-1.5V2a.5.5 0 0 0-.5-.5H8V0h2Z\" \/>\n\t\t\t<\/svg>\n\t\t<\/button><figcaption class=\"wp-element-caption\">\u00a9Sport Austria<\/figcaption><\/figure>\n\n\n\n<div style=\"height:30px\" aria-hidden=\"true\" class=\"wp-block-spacer\"><\/div>\n\n\n\n<figure data-wp-context=\"{&quot;imageId&quot;:&quot;69e111d908882&quot;}\" data-wp-interactive=\"core\/image\" data-wp-key=\"69e111d908882\" class=\"wp-block-image size-full wp-lightbox-container\"><img loading=\"lazy\" decoding=\"async\" width=\"1200\" height=\"1600\" data-wp-class--hide=\"state.isContentHidden\" data-wp-class--show=\"state.isContentVisible\" data-wp-init=\"callbacks.setButtonStyles\" data-wp-on--click=\"actions.showLightbox\" data-wp-on--load=\"callbacks.setButtonStyles\" data-wp-on-window--resize=\"callbacks.setButtonStyles\" src=\"http:\/\/taekwondo-woergl.at\/wp-content\/uploads\/2023\/11\/Anna_EM8.jpeg\" alt=\"\" class=\"wp-image-2365\" srcset=\"https:\/\/taekwondo-woergl.at\/wp-content\/uploads\/2023\/11\/Anna_EM8.jpeg 1200w, https:\/\/taekwondo-woergl.at\/wp-content\/uploads\/2023\/11\/Anna_EM8-225x300.jpeg 225w, https:\/\/taekwondo-woergl.at\/wp-content\/uploads\/2023\/11\/Anna_EM8-768x1024.jpeg 768w, https:\/\/taekwondo-woergl.at\/wp-content\/uploads\/2023\/11\/Anna_EM8-1152x1536.jpeg 1152w\" sizes=\"auto, (max-width: 1200px) 100vw, 1200px\" \/><button\n\t\t\tclass=\"lightbox-trigger\"\n\t\t\ttype=\"button\"\n\t\t\taria-haspopup=\"dialog\"\n\t\t\taria-label=\"Enlarge\"\n\t\t\tdata-wp-init=\"callbacks.initTriggerButton\"\n\t\t\tdata-wp-on--click=\"actions.showLightbox\"\n\t\t\tdata-wp-style--right=\"state.imageButtonRight\"\n\t\t\tdata-wp-style--top=\"state.imageButtonTop\"\n\t\t>\n\t\t\t<svg xmlns=\"http:\/\/www.w3.org\/2000\/svg\" width=\"12\" height=\"12\" fill=\"none\" viewbox=\"0 0 12 12\">\n\t\t\t\t<path fill=\"#fff\" d=\"M2 0a2 2 0 0 0-2 2v2h1.5V2a.5.5 0 0 1 .5-.5h2V0H2Zm2 10.5H2a.5.5 0 0 1-.5-.5V8H0v2a2 2 0 0 0 2 2h2v-1.5ZM8 12v-1.5h2a.5.5 0 0 0 .5-.5V8H12v2a2 2 0 0 1-2 2H8Zm2-12a2 2 0 0 1 2 2v2h-1.5V2a.5.5 0 0 0-.5-.5H8V0h2Z\" \/>\n\t\t\t<\/svg>\n\t\t<\/button><\/figure>\n\n\n\n<div style=\"height:30px\" aria-hidden=\"true\" class=\"wp-block-spacer\"><\/div>\n\n\n\n<figure data-wp-context=\"{&quot;imageId&quot;:&quot;69e111d908ba2&quot;}\" data-wp-interactive=\"core\/image\" data-wp-key=\"69e111d908ba2\" class=\"wp-block-image size-full wp-lightbox-container\"><img loading=\"lazy\" decoding=\"async\" width=\"6000\" height=\"4000\" data-wp-class--hide=\"state.isContentHidden\" data-wp-class--show=\"state.isContentVisible\" data-wp-init=\"callbacks.setButtonStyles\" data-wp-on--click=\"actions.showLightbox\" data-wp-on--load=\"callbacks.setButtonStyles\" data-wp-on-window--resize=\"callbacks.setButtonStyles\" src=\"http:\/\/taekwondo-woergl.at\/wp-content\/uploads\/2018\/09\/Tiroler-Meisterschaft-2017-32.jpg\" alt=\"\" class=\"wp-image-68\" srcset=\"https:\/\/taekwondo-woergl.at\/wp-content\/uploads\/2018\/09\/Tiroler-Meisterschaft-2017-32.jpg 6000w, https:\/\/taekwondo-woergl.at\/wp-content\/uploads\/2018\/09\/Tiroler-Meisterschaft-2017-32-300x200.jpg 300w, https:\/\/taekwondo-woergl.at\/wp-content\/uploads\/2018\/09\/Tiroler-Meisterschaft-2017-32-768x512.jpg 768w, https:\/\/taekwondo-woergl.at\/wp-content\/uploads\/2018\/09\/Tiroler-Meisterschaft-2017-32-1024x683.jpg 1024w\" sizes=\"auto, (max-width: 6000px) 100vw, 6000px\" \/><button\n\t\t\tclass=\"lightbox-trigger\"\n\t\t\ttype=\"button\"\n\t\t\taria-haspopup=\"dialog\"\n\t\t\taria-label=\"Enlarge\"\n\t\t\tdata-wp-init=\"callbacks.initTriggerButton\"\n\t\t\tdata-wp-on--click=\"actions.showLightbox\"\n\t\t\tdata-wp-style--right=\"state.imageButtonRight\"\n\t\t\tdata-wp-style--top=\"state.imageButtonTop\"\n\t\t>\n\t\t\t<svg xmlns=\"http:\/\/www.w3.org\/2000\/svg\" width=\"12\" height=\"12\" fill=\"none\" viewbox=\"0 0 12 12\">\n\t\t\t\t<path fill=\"#fff\" d=\"M2 0a2 2 0 0 0-2 2v2h1.5V2a.5.5 0 0 1 .5-.5h2V0H2Zm2 10.5H2a.5.5 0 0 1-.5-.5V8H0v2a2 2 0 0 0 2 2h2v-1.5ZM8 12v-1.5h2a.5.5 0 0 0 .5-.5V8H12v2a2 2 0 0 1-2 2H8Zm2-12a2 2 0 0 1 2 2v2h-1.5V2a.5.5 0 0 0-.5-.5H8V0h2Z\" \/>\n\t\t\t<\/svg>\n\t\t<\/button><\/figure>\n\n\n\n<div style=\"height:30px\" aria-hidden=\"true\" class=\"wp-block-spacer\"><\/div>\n\n\n\n<figure data-wp-context=\"{&quot;imageId&quot;:&quot;69e111d908ea6&quot;}\" data-wp-interactive=\"core\/image\" data-wp-key=\"69e111d908ea6\" class=\"wp-block-image size-full wp-lightbox-container\"><img loading=\"lazy\" decoding=\"async\" width=\"5473\" height=\"3649\" data-wp-class--hide=\"state.isContentHidden\" data-wp-class--show=\"state.isContentVisible\" data-wp-init=\"callbacks.setButtonStyles\" data-wp-on--click=\"actions.showLightbox\" data-wp-on--load=\"callbacks.setButtonStyles\" data-wp-on-window--resize=\"callbacks.setButtonStyles\" src=\"http:\/\/taekwondo-woergl.at\/wp-content\/uploads\/2018\/09\/Tiroler-Meisterschaft-2017-28.jpg\" alt=\"\" class=\"wp-image-66\" srcset=\"https:\/\/taekwondo-woergl.at\/wp-content\/uploads\/2018\/09\/Tiroler-Meisterschaft-2017-28.jpg 5473w, https:\/\/taekwondo-woergl.at\/wp-content\/uploads\/2018\/09\/Tiroler-Meisterschaft-2017-28-300x200.jpg 300w, https:\/\/taekwondo-woergl.at\/wp-content\/uploads\/2018\/09\/Tiroler-Meisterschaft-2017-28-768x512.jpg 768w, https:\/\/taekwondo-woergl.at\/wp-content\/uploads\/2018\/09\/Tiroler-Meisterschaft-2017-28-1024x683.jpg 1024w\" sizes=\"auto, (max-width: 5473px) 100vw, 5473px\" \/><button\n\t\t\tclass=\"lightbox-trigger\"\n\t\t\ttype=\"button\"\n\t\t\taria-haspopup=\"dialog\"\n\t\t\taria-label=\"Enlarge\"\n\t\t\tdata-wp-init=\"callbacks.initTriggerButton\"\n\t\t\tdata-wp-on--click=\"actions.showLightbox\"\n\t\t\tdata-wp-style--right=\"state.imageButtonRight\"\n\t\t\tdata-wp-style--top=\"state.imageButtonTop\"\n\t\t>\n\t\t\t<svg xmlns=\"http:\/\/www.w3.org\/2000\/svg\" width=\"12\" height=\"12\" fill=\"none\" viewbox=\"0 0 12 12\">\n\t\t\t\t<path fill=\"#fff\" d=\"M2 0a2 2 0 0 0-2 2v2h1.5V2a.5.5 0 0 1 .5-.5h2V0H2Zm2 10.5H2a.5.5 0 0 1-.5-.5V8H0v2a2 2 0 0 0 2 2h2v-1.5ZM8 12v-1.5h2a.5.5 0 0 0 .5-.5V8H12v2a2 2 0 0 1-2 2H8Zm2-12a2 2 0 0 1 2 2v2h-1.5V2a.5.5 0 0 0-.5-.5H8V0h2Z\" \/>\n\t\t\t<\/svg>\n\t\t<\/button><\/figure>\n\n\n\n<div style=\"height:30px\" aria-hidden=\"true\" class=\"wp-block-spacer\"><\/div>\n\n\n\n<p><\/p>","protected":false},"excerpt":{"rendered":"<p>Als einer der erfolgreichsten Taekwondo Vereine in \u00d6sterreich widmen wir uns seit Jahren einer intensiven Aufbauarbeit im Breiten- und Spitzensport. Nur drei Jahre ben\u00f6tigte unser Verein um seinen Anf\u00e4ngen im Jahre 1982 an die \u00f6sterreichische Spitze im Taekwondosport zu gelangen. Der Taekwondo Verein W\u00f6rgl z\u00e4hlt mit seinem Trainingsprogramm und den<\/p>","protected":false},"author":1,"featured_media":0,"parent":0,"menu_order":0,"comment_status":"closed","ping_status":"closed","template":"","meta":{"_exactmetrics_skip_tracking":false,"_exactmetrics_sitenote_active":false,"_exactmetrics_sitenote_note":"","_exactmetrics_sitenote_category":0,"footnotes":""},"class_list":["post-9","page","type-page","status-publish","hentry"],"_links":{"self":[{"href":"https:\/\/taekwondo-woergl.at\/en\/wp-json\/wp\/v2\/pages\/9","targetHints":{"allow":["GET"]}}],"collection":[{"href":"https:\/\/taekwondo-woergl.at\/en\/wp-json\/wp\/v2\/pages"}],"about":[{"href":"https:\/\/taekwondo-woergl.at\/en\/wp-json\/wp\/v2\/types\/page"}],"author":[{"embeddable":true,"href":"https:\/\/taekwondo-woergl.at\/en\/wp-json\/wp\/v2\/users\/1"}],"replies":[{"embeddable":true,"href":"https:\/\/taekwondo-woergl.at\/en\/wp-json\/wp\/v2\/comments?post=9"}],"version-history":[{"count":3,"href":"https:\/\/taekwondo-woergl.at\/en\/wp-json\/wp\/v2\/pages\/9\/revisions"}],"predecessor-version":[{"id":2866,"href":"https:\/\/taekwondo-woergl.at\/en\/wp-json\/wp\/v2\/pages\/9\/revisions\/2866"}],"wp:attachment":[{"href":"https:\/\/taekwondo-woergl.at\/en\/wp-json\/wp\/v2\/media?parent=9"}],"curies":[{"name":"wp","href":"https:\/\/api.w.org\/{rel}","templated":true}]}}